{"id":10141,"date":"2023-03-22T11:54:44","date_gmt":"2023-03-22T11:54:44","guid":{"rendered":"https:\/\/guicciardini.mgpg.it\/?post_type=product&#038;p=10141"},"modified":"2025-03-06T15:03:07","modified_gmt":"2025-03-06T15:03:07","slug":"olio-extra-vergine-di-oliva","status":"publish","type":"product","link":"https:\/\/shop.guicciardini1199.it\/it\/prodotto\/olio-extra-vergine-di-oliva\/","title":{"rendered":"Olio Extra Vergine di Oliva"},"content":{"rendered":"<p>L\u2019Olio Extravergine del Castello di Poppiano \u00e8 ottenuto da tutte le olivete dell\u2019azienda con olive raccolte fra Novembre e Dicembre. \u00c8 un tipico olio di qualit\u00e0 delle colline di Firenze.<\/p>\n<p><strong>Variet\u00e0 di olive<\/strong>: Frantoio e Moraiolo<\/p>\n<p><strong>Raccolta<\/strong>: tra Novembre e Dicembre.<\/p>\n<p><strong>Frangitura<\/strong>: lavorazione immediata dopo la raccolta (entro 24 ore) e gramolazione rigorosamente a freddo.<\/p>\n<p><strong>Abbinamenti<\/strong>: condimento ideale per verdure, primi piatti a base di pasta, carni grigliate.<\/p>\n","protected":false},"excerpt":{"rendered":"<p>L\u2019Olio Extravergine del Castello di Poppiano \u00e8 ottenuto da tutte le olivete dell\u2019azienda con olive raccolte fra Novembre e Dicembre. \u00c8 un tipico olio di qualit\u00e0 delle colline di Firenze. Variet\u00e0 di olive: Frantoio e Moraiolo Raccolta: tra Novembre e Dicembre. Frangitura: lavorazione immediata dopo la raccolta (entro 24 ore) e gramolazione rigorosamente a freddo. [&hellip;]<\/p>\n","protected":false},"featured_media":10166,"template":"","meta":[],"product_brand":[],"product_cat":[104],"product_tag":[],"class_list":{"0":"post-10141","1":"product","2":"type-product","3":"status-publish","4":"has-post-thumbnail","6":"product_cat-olio-extravergine","7":"product_shipping_class-spedizione-4e","8":"wcpa_has_options","10":"first","11":"instock","12":"shipping-taxable","13":"purchasable","14":"product-type-variable","15":"has-default-attributes"},"_links":{"self":[{"href":"https:\/\/shop.guicciardini1199.it\/it\/wp-json\/wp\/v2\/product\/10141","targetHints":{"allow":["GET"]}}],"collection":[{"href":"https:\/\/shop.guicciardini1199.it\/it\/wp-json\/wp\/v2\/product"}],"about":[{"href":"https:\/\/shop.guicciardini1199.it\/it\/wp-json\/wp\/v2\/types\/product"}],"wp:featuredmedia":[{"embeddable":true,"href":"https:\/\/shop.guicciardini1199.it\/it\/wp-json\/wp\/v2\/media\/10166"}],"wp:attachment":[{"href":"https:\/\/shop.guicciardini1199.it\/it\/wp-json\/wp\/v2\/media?parent=10141"}],"wp:term":[{"taxonomy":"product_brand","embeddable":true,"href":"https:\/\/shop.guicciardini1199.it\/it\/wp-json\/wp\/v2\/product_brand?post=10141"},{"taxonomy":"product_cat","embeddable":true,"href":"https:\/\/shop.guicciardini1199.it\/it\/wp-json\/wp\/v2\/product_cat?post=10141"},{"taxonomy":"product_tag","embeddable":true,"href":"https:\/\/shop.guicciardini1199.it\/it\/wp-json\/wp\/v2\/product_tag?post=10141"}],"curies":[{"name":"wp","href":"https:\/\/api.w.org\/{rel}","templated":true}]}}