{"id":9963,"date":"2023-03-15T11:18:14","date_gmt":"2023-03-15T11:18:14","guid":{"rendered":"https:\/\/guicciardini.mgpg.it\/?post_type=product&#038;p=9963"},"modified":"2025-03-06T16:09:30","modified_gmt":"2025-03-06T16:09:30","slug":"belvedere-campoli","status":"publish","type":"product","link":"https:\/\/shop.guicciardini1199.it\/it\/prodotto\/belvedere-campoli\/","title":{"rendered":"Chianti Classico Docg &#8221; Belvedere Campoli&#8221;"},"content":{"rendered":"<p>La Fattoria Belvedere Camp\u00f2li si trova in una delle aree pi\u00f9 prestigiose del Chianti Classico sul crinale delle colline fra Mercatale e Montefiridolfi a quota 400 metri: \u00e8 il nuovo piccolo gioiello dei Guicciardini. L\u2019ottima esposizione e i terreni generosi, garantiscono grandi vini.<\/p>\n<p><strong>Vitigni<\/strong>: Sangiovese<\/p>\n<p><strong>Vinificazione e affinamento<\/strong>: fermentazione in tini di acciaio e affinamento in botti di rovere.<\/p>\n<p><strong>Note di Degustazione<\/strong>: colore rosso rubino. Al naso si presenta fruttato con sentori tipici di frutti rossi e delicate note di erbe aromatiche. In bocca \u00e8 fresco, il frutto succoso e intenso, di buona struttura dai tannini eleganti e ben bilanciati. Il finale \u00e8 lungo e complesso.<\/p>\n<p><strong>Abbinamenti<\/strong>: carni rosse e bianche alla brace, arrosto e stufate. Piatti tipici della tradizione toscana.<\/p>\n","protected":false},"excerpt":{"rendered":"<p class=\"p1\"><i>Chianti Classico DOCG<\/i><\/p>\n","protected":false},"featured_media":9968,"template":"","meta":[],"product_brand":[],"product_cat":[103],"product_tag":[],"class_list":{"0":"post-9963","1":"product","2":"type-product","3":"status-publish","4":"has-post-thumbnail","6":"product_cat-vino-rosso","7":"product_shipping_class-spedizione-4e","8":"wcpa_has_options","10":"first","11":"instock","12":"shipping-taxable","13":"purchasable","14":"product-type-simple"},"_links":{"self":[{"href":"https:\/\/shop.guicciardini1199.it\/it\/wp-json\/wp\/v2\/product\/9963","targetHints":{"allow":["GET"]}}],"collection":[{"href":"https:\/\/shop.guicciardini1199.it\/it\/wp-json\/wp\/v2\/product"}],"about":[{"href":"https:\/\/shop.guicciardini1199.it\/it\/wp-json\/wp\/v2\/types\/product"}],"wp:featuredmedia":[{"embeddable":true,"href":"https:\/\/shop.guicciardini1199.it\/it\/wp-json\/wp\/v2\/media\/9968"}],"wp:attachment":[{"href":"https:\/\/shop.guicciardini1199.it\/it\/wp-json\/wp\/v2\/media?parent=9963"}],"wp:term":[{"taxonomy":"product_brand","embeddable":true,"href":"https:\/\/shop.guicciardini1199.it\/it\/wp-json\/wp\/v2\/product_brand?post=9963"},{"taxonomy":"product_cat","embeddable":true,"href":"https:\/\/shop.guicciardini1199.it\/it\/wp-json\/wp\/v2\/product_cat?post=9963"},{"taxonomy":"product_tag","embeddable":true,"href":"https:\/\/shop.guicciardini1199.it\/it\/wp-json\/wp\/v2\/product_tag?post=9963"}],"curies":[{"name":"wp","href":"https:\/\/api.w.org\/{rel}","templated":true}]}}